{"id":82,"date":"2023-01-07T10:36:05","date_gmt":"2023-01-07T10:36:05","guid":{"rendered":"https:\/\/icolatina.org\/?page_id=82"},"modified":"2024-12-17T09:52:01","modified_gmt":"2024-12-17T09:52:01","slug":"%d9%85%d9%86%d9%87%d8%ac-%d8%a7%d9%84%d8%aa%d8%b1%d8%a8%d9%8a%d8%a9-%d8%a7%d9%84%d8%a5%d8%b3%d9%84%d8%a7%d9%85%d9%8a%d8%a9","status":"publish","type":"page","link":"https:\/\/icolatina.org\/pt\/%d9%85%d9%86%d9%87%d8%ac-%d8%a7%d9%84%d8%aa%d8%b1%d8%a8%d9%8a%d8%a9-%d8%a7%d9%84%d8%a5%d8%b3%d9%84%d8%a7%d9%85%d9%8a%d8%a9\/","title":{"rendered":"Curr\u00edculo de Educa\u00e7\u00e3o Isl\u00e2mica"},"content":{"rendered":"<div data-elementor-type=\"wp-page\" data-elementor-id=\"82\" class=\"elementor elementor-82\" data-elementor-post-type=\"page\">\n\t\t\t\t\t\t<section class=\"elementor-section elementor-top-section elementor-element elementor-element-9373833 elementor-section-boxed elementor-section-height-default elementor-section-height-default\" data-id=\"9373833\" data-element_type=\"section\">\n\t\t\t\t\t\t<div class=\"elementor-container elementor-column-gap-default\">\n\t\t\t\t\t<div class=\"elementor-column elementor-col-100 elementor-top-column elementor-element elementor-element-e70171b\" data-id=\"e70171b\" data-element_type=\"column\">\n\t\t\t<div class=\"elementor-widget-wrap elementor-element-populated\">\n\t\t\t\t\t\t<div class=\"elementor-element elementor-element-a68787a elementor-widget elementor-widget-heading\" data-id=\"a68787a\" data-element_type=\"widget\" data-widget_type=\"heading.default\">\n\t\t\t\t<div class=\"elementor-widget-container\">\n\t\t\t\t\t<h2 class=\"elementor-heading-title elementor-size-default\">Curr\u00edculo de Educa\u00e7\u00e3o Isl\u00e2mica<\/h2>\t\t\t\t<\/div>\n\t\t\t\t<\/div>\n\t\t\t\t\t<\/div>\n\t\t<\/div>\n\t\t\t\t\t<\/div>\n\t\t<\/section>\n\t\t\t\t<section class=\"elementor-section elementor-top-section elementor-element elementor-element-4553009 elementor-section-boxed elementor-section-height-default elementor-section-height-default\" data-id=\"4553009\" data-element_type=\"section\">\n\t\t\t\t\t\t<div class=\"elementor-container elementor-column-gap-default\">\n\t\t\t\t\t<div class=\"elementor-column elementor-col-100 elementor-top-column elementor-element elementor-element-e695f66\" data-id=\"e695f66\" data-element_type=\"column\">\n\t\t\t<div class=\"elementor-widget-wrap elementor-element-populated\">\n\t\t\t\t\t\t<div class=\"elementor-element elementor-element-75b78bd elementor-widget elementor-widget-spacer\" data-id=\"75b78bd\" data-element_type=\"widget\" data-widget_type=\"spacer.default\">\n\t\t\t\t<div class=\"elementor-widget-container\">\n\t\t\t\t\t\t\t<div class=\"elementor-spacer\">\n\t\t\t<div class=\"elementor-spacer-inner\"><\/div>\n\t\t<\/div>\n\t\t\t\t\t\t<\/div>\n\t\t\t\t<\/div>\n\t\t\t\t\t<\/div>\n\t\t<\/div>\n\t\t\t\t\t<\/div>\n\t\t<\/section>\n\t\t\t\t<section class=\"elementor-section elementor-top-section elementor-element elementor-element-7f84604 elementor-section-boxed elementor-section-height-default elementor-section-height-default\" data-id=\"7f84604\" data-element_type=\"section\">\n\t\t\t\t\t\t<div class=\"elementor-container elementor-column-gap-default\">\n\t\t\t\t\t<div class=\"elementor-column elementor-col-33 elementor-top-column elementor-element elementor-element-9feeb6f\" data-id=\"9feeb6f\" data-element_type=\"column\">\n\t\t\t<div class=\"elementor-widget-wrap elementor-element-populated\">\n\t\t\t\t\t\t<div class=\"elementor-element elementor-element-4ae7eb7 elementor-widget elementor-widget-heading\" data-id=\"4ae7eb7\" data-element_type=\"widget\" data-widget_type=\"heading.default\">\n\t\t\t\t<div class=\"elementor-widget-container\">\n\t\t\t\t\t<h3 class=\"elementor-heading-title elementor-size-default\">Em portugu\u00eas<\/h3>\t\t\t\t<\/div>\n\t\t\t\t<\/div>\n\t\t\t\t<div class=\"elementor-element elementor-element-7403ed5 elementor-widget elementor-widget-image\" data-id=\"7403ed5\" data-element_type=\"widget\" data-widget_type=\"image.default\">\n\t\t\t\t<div class=\"elementor-widget-container\">\n\t\t\t\t\t\t\t\t\t\t\t\t\t\t\t<img fetchpriority=\"high\" decoding=\"async\" width=\"667\" height=\"829\" src=\"https:\/\/icolatina.org\/wp-content\/uploads\/2023\/01\/Portuguese.png\" class=\"attachment-medium_large size-medium_large wp-image-101\" alt=\"\" srcset=\"https:\/\/icolatina.org\/wp-content\/uploads\/2023\/01\/Portuguese.png 667w, https:\/\/icolatina.org\/wp-content\/uploads\/2023\/01\/Portuguese-241x300.png 241w\" sizes=\"(max-width: 667px) 100vw, 667px\" \/>\t\t\t\t\t\t\t\t\t\t\t\t\t\t\t<\/div>\n\t\t\t\t<\/div>\n\t\t\t\t\t<\/div>\n\t\t<\/div>\n\t\t\t\t<div class=\"elementor-column elementor-col-33 elementor-top-column elementor-element elementor-element-c1a0608\" data-id=\"c1a0608\" data-element_type=\"column\">\n\t\t\t<div class=\"elementor-widget-wrap elementor-element-populated\">\n\t\t\t\t\t\t<div class=\"elementor-element elementor-element-7e67da9 elementor-widget elementor-widget-heading\" data-id=\"7e67da9\" data-element_type=\"widget\" data-widget_type=\"heading.default\">\n\t\t\t\t<div class=\"elementor-widget-container\">\n\t\t\t\t\t<h3 class=\"elementor-heading-title elementor-size-default\">Em espanhol<\/h3>\t\t\t\t<\/div>\n\t\t\t\t<\/div>\n\t\t\t\t<div class=\"elementor-element elementor-element-a365a08 elementor-widget elementor-widget-image\" data-id=\"a365a08\" data-element_type=\"widget\" data-widget_type=\"image.default\">\n\t\t\t\t<div class=\"elementor-widget-container\">\n\t\t\t\t\t\t\t\t\t\t\t\t\t\t\t\t<a href=\"https:\/\/icolatina.org\/pt\/spanish\/\">\n\t\t\t\t\t\t\t<img decoding=\"async\" width=\"574\" height=\"714\" src=\"https:\/\/icolatina.org\/wp-content\/uploads\/2023\/01\/Spanish1.png\" class=\"attachment-medium_large size-medium_large wp-image-105\" alt=\"\" srcset=\"https:\/\/icolatina.org\/wp-content\/uploads\/2023\/01\/Spanish1.png 574w, https:\/\/icolatina.org\/wp-content\/uploads\/2023\/01\/Spanish1-241x300.png 241w\" sizes=\"(max-width: 574px) 100vw, 574px\" \/>\t\t\t\t\t\t\t\t<\/a>\n\t\t\t\t\t\t\t\t\t\t\t\t\t\t\t<\/div>\n\t\t\t\t<\/div>\n\t\t\t\t\t<\/div>\n\t\t<\/div>\n\t\t\t\t<div class=\"elementor-column elementor-col-33 elementor-top-column elementor-element elementor-element-6c8080e\" data-id=\"6c8080e\" data-element_type=\"column\">\n\t\t\t<div class=\"elementor-widget-wrap elementor-element-populated\">\n\t\t\t\t\t\t<div class=\"elementor-element elementor-element-71ba609 elementor-widget elementor-widget-heading\" data-id=\"71ba609\" data-element_type=\"widget\" data-widget_type=\"heading.default\">\n\t\t\t\t<div class=\"elementor-widget-container\">\n\t\t\t\t\t<h3 class=\"elementor-heading-title elementor-size-default\">Em \u00e1rabe<\/h3>\t\t\t\t<\/div>\n\t\t\t\t<\/div>\n\t\t\t\t<div class=\"elementor-element elementor-element-6211bed elementor-widget elementor-widget-image\" data-id=\"6211bed\" data-element_type=\"widget\" data-widget_type=\"image.default\">\n\t\t\t\t<div class=\"elementor-widget-container\">\n\t\t\t\t\t\t\t\t\t\t\t\t\t\t\t\t<a href=\"https:\/\/icolatina.org\/pt\/islamin_in_arabic\/\">\n\t\t\t\t\t\t\t<img decoding=\"async\" width=\"494\" height=\"619\" src=\"https:\/\/icolatina.org\/wp-content\/uploads\/2023\/01\/Islamic-Arabic4.png\" class=\"attachment-medium_large size-medium_large wp-image-123\" alt=\"\" srcset=\"https:\/\/icolatina.org\/wp-content\/uploads\/2023\/01\/Islamic-Arabic4.png 494w, https:\/\/icolatina.org\/wp-content\/uploads\/2023\/01\/Islamic-Arabic4-239x300.png 239w\" sizes=\"(max-width: 494px) 100vw, 494px\" \/>\t\t\t\t\t\t\t\t<\/a>\n\t\t\t\t\t\t\t\t\t\t\t\t\t\t\t<\/div>\n\t\t\t\t<\/div>\n\t\t\t\t\t<\/div>\n\t\t<\/div>\n\t\t\t\t\t<\/div>\n\t\t<\/section>\n\t\t\t\t<section class=\"elementor-section elementor-top-section elementor-element elementor-element-077a8ad elementor-section-boxed elementor-section-height-default elementor-section-height-default\" data-id=\"077a8ad\" data-element_type=\"section\">\n\t\t\t\t\t\t<div class=\"elementor-container elementor-column-gap-default\">\n\t\t\t\t\t<div class=\"elementor-column elementor-col-100 elementor-top-column elementor-element elementor-element-56956cc\" data-id=\"56956cc\" data-element_type=\"column\">\n\t\t\t<div class=\"elementor-widget-wrap elementor-element-populated\">\n\t\t\t\t\t\t<div class=\"elementor-element elementor-element-69b5527 elementor-widget elementor-widget-spacer\" data-id=\"69b5527\" data-element_type=\"widget\" data-widget_type=\"spacer.default\">\n\t\t\t\t<div class=\"elementor-widget-container\">\n\t\t\t\t\t\t\t<div class=\"elementor-spacer\">\n\t\t\t<div class=\"elementor-spacer-inner\"><\/div>\n\t\t<\/div>\n\t\t\t\t\t\t<\/div>\n\t\t\t\t<\/div>\n\t\t\t\t\t<\/div>\n\t\t<\/div>\n\t\t\t\t\t<\/div>\n\t\t<\/section>\n\t\t\t\t<\/div>","protected":false},"excerpt":{"rendered":"<p>Islamic Education Curriculum In Portuguese In Spanish In Arabic<\/p>","protected":false},"author":1,"featured_media":0,"parent":0,"menu_order":0,"comment_status":"closed","ping_status":"closed","template":"","meta":{"footnotes":""},"class_list":["post-82","page","type-page","status-publish","hentry"],"_links":{"self":[{"href":"https:\/\/icolatina.org\/pt\/wp-json\/wp\/v2\/pages\/82","targetHints":{"allow":["GET"]}}],"collection":[{"href":"https:\/\/icolatina.org\/pt\/wp-json\/wp\/v2\/pages"}],"about":[{"href":"https:\/\/icolatina.org\/pt\/wp-json\/wp\/v2\/types\/page"}],"author":[{"embeddable":true,"href":"https:\/\/icolatina.org\/pt\/wp-json\/wp\/v2\/users\/1"}],"replies":[{"embeddable":true,"href":"https:\/\/icolatina.org\/pt\/wp-json\/wp\/v2\/comments?post=82"}],"version-history":[{"count":78,"href":"https:\/\/icolatina.org\/pt\/wp-json\/wp\/v2\/pages\/82\/revisions"}],"predecessor-version":[{"id":1534,"href":"https:\/\/icolatina.org\/pt\/wp-json\/wp\/v2\/pages\/82\/revisions\/1534"}],"wp:attachment":[{"href":"https:\/\/icolatina.org\/pt\/wp-json\/wp\/v2\/media?parent=82"}],"curies":[{"name":"wp","href":"https:\/\/api.w.org\/{rel}","templated":true}]}}